{"id":1397,"date":"2021-01-12T10:52:59","date_gmt":"2021-01-12T10:52:59","guid":{"rendered":"https:\/\/freshsites.afterschool.media\/cesarchavez-es\/?page_id=1397"},"modified":"2021-04-06T04:44:19","modified_gmt":"2021-04-06T04:44:19","slug":"parent-handbook","status":"publish","type":"page","link":"https:\/\/freshsites.afterschool.media\/cesarchavez-es\/parents\/parent-handbook\/","title":{"rendered":"Parent Handbook"},"content":{"rendered":"\t\t<div data-elementor-type=\"wp-page\" data-elementor-id=\"1397\" class=\"elementor elementor-1397\" data-elementor-post-type=\"page\">\n\t\t\t\t\t\t<section data-particle_enable=\"false\" data-particle-mobile-disabled=\"false\" class=\"elementor-section elementor-top-section elementor-element elementor-element-71089129 elementor-section-boxed elementor-section-height-default elementor-section-height-default\" data-id=\"71089129\" data-element_type=\"section\">\n\t\t\t\t\t\t<div class=\"elementor-container elementor-column-gap-default\">\n\t\t\t\t\t<div class=\"elementor-column elementor-col-100 elementor-top-column elementor-element elementor-element-29a13fe6\" data-id=\"29a13fe6\" data-element_type=\"column\">\n\t\t\t<div class=\"elementor-widget-wrap elementor-element-populated\">\n\t\t\t\t\t\t<div class=\"elementor-element elementor-element-6906fea4 elementor-nav-menu__align-start elementor-nav-menu--dropdown-none elementor-widget elementor-widget-nav-menu\" data-id=\"6906fea4\" data-element_type=\"widget\" data-settings=\"{&quot;layout&quot;:&quot;horizontal&quot;,&quot;submenu_icon&quot;:{&quot;value&quot;:&quot;&lt;i class=\\&quot;fas fa-caret-down\\&quot;&gt;&lt;\\\/i&gt;&quot;,&quot;library&quot;:&quot;fa-solid&quot;}}\" data-widget_type=\"nav-menu.default\">\n\t\t\t\t<div class=\"elementor-widget-container\">\n\t\t\t\t\t\t\t\t<nav aria-label=\"Menu\" class=\"elementor-nav-menu--main elementor-nav-menu__container elementor-nav-menu--layout-horizontal e--pointer-background e--animation-fade\">\n\t\t\t\t<ul id=\"menu-1-6906fea4\" class=\"elementor-nav-menu\"><li class=\"menu-item menu-item-type-post_type menu-item-object-page menu-item-1417\"><a href=\"https:\/\/freshsites.afterschool.media\/cesarchavez-es\/parents\/parents-announcements\/\" class=\"elementor-item\">Announcements<\/a><\/li>\n<li class=\"menu-item menu-item-type-post_type menu-item-object-page menu-item-1418\"><a href=\"https:\/\/freshsites.afterschool.media\/cesarchavez-es\/parents\/parent-handbook\/\" class=\"elementor-item\">Parent Handbook<\/a><\/li>\n<li class=\"menu-item menu-item-type-post_type menu-item-object-page menu-item-1419\"><a href=\"https:\/\/freshsites.afterschool.media\/cesarchavez-es\/parents\/resources\/\" class=\"elementor-item\">Resources<\/a><\/li>\n<\/ul>\t\t\t<\/nav>\n\t\t\t\t\t\t<nav class=\"elementor-nav-menu--dropdown elementor-nav-menu__container\" aria-hidden=\"true\">\n\t\t\t\t<ul id=\"menu-2-6906fea4\" class=\"elementor-nav-menu\"><li class=\"menu-item menu-item-type-post_type menu-item-object-page menu-item-1417\"><a href=\"https:\/\/freshsites.afterschool.media\/cesarchavez-es\/parents\/parents-announcements\/\" class=\"elementor-item\" tabindex=\"-1\">Announcements<\/a><\/li>\n<li class=\"menu-item menu-item-type-post_type menu-item-object-page menu-item-1418\"><a href=\"https:\/\/freshsites.afterschool.media\/cesarchavez-es\/parents\/parent-handbook\/\" class=\"elementor-item\" tabindex=\"-1\">Parent Handbook<\/a><\/li>\n<li class=\"menu-item menu-item-type-post_type menu-item-object-page menu-item-1419\"><a href=\"https:\/\/freshsites.afterschool.media\/cesarchavez-es\/parents\/resources\/\" class=\"elementor-item\" tabindex=\"-1\">Resources<\/a><\/li>\n<\/ul>\t\t\t<\/nav>\n\t\t\t\t\t\t<\/div>\n\t\t\t\t<\/div>\n\t\t\t\t\t<\/div>\n\t\t<\/div>\n\t\t\t\t\t<\/div>\n\t\t<\/section>\n\t\t\t\t<section data-particle_enable=\"false\" data-particle-mobile-disabled=\"false\" class=\"elementor-section elementor-top-section elementor-element elementor-element-58364d62 elementor-section-boxed elementor-section-height-default elementor-section-height-default\" data-id=\"58364d62\" data-element_type=\"section\">\n\t\t\t\t\t\t<div class=\"elementor-container elementor-column-gap-default\">\n\t\t\t\t\t<div class=\"elementor-column elementor-col-50 elementor-top-column elementor-element elementor-element-6d4a6ffa\" data-id=\"6d4a6ffa\" data-element_type=\"column\">\n\t\t\t<div class=\"elementor-widget-wrap elementor-element-populated\">\n\t\t\t\t\t\t<div class=\"elementor-element elementor-element-4dc6c7f8 content-align-cta-default elementor-widget elementor-widget-eael-cta-box\" data-id=\"4dc6c7f8\" data-element_type=\"widget\" data-widget_type=\"eael-cta-box.default\">\n\t\t\t\t<div class=\"elementor-widget-container\">\n\t\t\t\t\t\t\t<div class=\"eael-call-to-action cta-basic bg-lite cta-preset-1\">\n        <h2 class=\"title eael-cta-heading\">Parent Handbook<\/h2><p>Mission of the program, policies and other important information for parents of our students.<\/p><a href=\"https:\/\/drive.google.com\/file\/d\/1Z9-ErHFxjR9xr-5Bhyk8e5TTSCv9ddD3\/view?usp=sharing\" target=\"_blank\" class=\"cta-button cta-preset-1  \">Download Now<\/a>\t<\/div>\n\t\t\t\t\t\t\t\t<\/div>\n\t\t\t\t<\/div>\n\t\t\t\t\t<\/div>\n\t\t<\/div>\n\t\t\t\t<div class=\"elementor-column elementor-col-50 elementor-top-column elementor-element elementor-element-64951dc8\" data-id=\"64951dc8\" data-element_type=\"column\">\n\t\t\t<div class=\"elementor-widget-wrap elementor-element-populated\">\n\t\t\t\t\t\t<div class=\"elementor-element elementor-element-488523b2 elementor-hidden-tablet elementor-widget elementor-widget-image\" data-id=\"488523b2\" data-element_type=\"widget\" data-widget_type=\"image.default\">\n\t\t\t\t<div class=\"elementor-widget-container\">\n\t\t\t\t\t\t\t\t\t\t\t\t\t\t\t<img fetchpriority=\"high\" decoding=\"async\" width=\"1467\" height=\"1139\" src=\"https:\/\/freshsites.afterschool.media\/cesarchavez-es\/wp-content\/uploads\/sites\/3\/2021\/01\/PARENT-HANDBOOK.png\" class=\"attachment-full size-full wp-image-1400\" alt=\"\" srcset=\"https:\/\/freshsites.afterschool.media\/cesarchavez-es\/wp-content\/uploads\/sites\/3\/2021\/01\/PARENT-HANDBOOK.png 1467w, https:\/\/freshsites.afterschool.media\/cesarchavez-es\/wp-content\/uploads\/sites\/3\/2021\/01\/PARENT-HANDBOOK-300x233.png 300w, https:\/\/freshsites.afterschool.media\/cesarchavez-es\/wp-content\/uploads\/sites\/3\/2021\/01\/PARENT-HANDBOOK-1024x795.png 1024w, https:\/\/freshsites.afterschool.media\/cesarchavez-es\/wp-content\/uploads\/sites\/3\/2021\/01\/PARENT-HANDBOOK-768x596.png 768w\" sizes=\"(max-width: 1467px) 100vw, 1467px\" \/>\t\t\t\t\t\t\t\t\t\t\t\t\t\t\t<\/div>\n\t\t\t\t<\/div>\n\t\t\t\t\t<\/div>\n\t\t<\/div>\n\t\t\t\t\t<\/div>\n\t\t<\/section>\n\t\t\t\t<section data-particle_enable=\"false\" data-particle-mobile-disabled=\"false\" class=\"elementor-section elementor-top-section elementor-element elementor-element-061c099 elementor-section-boxed elementor-section-height-default elementor-section-height-default\" data-id=\"061c099\" data-element_type=\"section\">\n\t\t\t\t\t\t<div class=\"elementor-container elementor-column-gap-default\">\n\t\t\t\t\t<div class=\"elementor-column elementor-col-50 elementor-top-column elementor-element elementor-element-8555521\" data-id=\"8555521\" data-element_type=\"column\">\n\t\t\t<div class=\"elementor-widget-wrap elementor-element-populated\">\n\t\t\t\t\t\t<div class=\"elementor-element elementor-element-e9c5acd content-align-cta-default elementor-widget elementor-widget-eael-cta-box\" data-id=\"e9c5acd\" data-element_type=\"widget\" data-widget_type=\"eael-cta-box.default\">\n\t\t\t\t<div class=\"elementor-widget-container\">\n\t\t\t\t\t\t\t<div class=\"eael-call-to-action cta-basic bg-lite cta-preset-1\">\n        <h2 class=\"title eael-cta-heading\">Manual de Padres<\/h2><p>Misi\u00f3n del programa, pol\u00edticas y otra informaci\u00f3n importante para los padres de nuestros estudiantes.<\/p><a href=\"https:\/\/drive.google.com\/file\/d\/1veUFvLNQmo-A3YjsNVDsDaK33a_2yQbe\/view?usp=sharing\" target=\"_blank\" class=\"cta-button cta-preset-1  \">Descargar Ahora<\/a>\t<\/div>\n\t\t\t\t\t\t\t\t<\/div>\n\t\t\t\t<\/div>\n\t\t\t\t\t<\/div>\n\t\t<\/div>\n\t\t\t\t<div class=\"elementor-column elementor-col-50 elementor-top-column elementor-element elementor-element-e7768d1\" data-id=\"e7768d1\" data-element_type=\"column\">\n\t\t\t<div class=\"elementor-widget-wrap elementor-element-populated\">\n\t\t\t\t\t\t<div class=\"elementor-element elementor-element-942a1a2 elementor-hidden-tablet elementor-widget elementor-widget-image\" data-id=\"942a1a2\" data-element_type=\"widget\" data-widget_type=\"image.default\">\n\t\t\t\t<div class=\"elementor-widget-container\">\n\t\t\t\t\t\t\t\t\t\t\t\t\t\t\t<img fetchpriority=\"high\" decoding=\"async\" width=\"1467\" height=\"1139\" src=\"https:\/\/freshsites.afterschool.media\/cesarchavez-es\/wp-content\/uploads\/sites\/3\/2021\/01\/PARENT-HANDBOOK.png\" class=\"attachment-full size-full wp-image-1400\" alt=\"\" srcset=\"https:\/\/freshsites.afterschool.media\/cesarchavez-es\/wp-content\/uploads\/sites\/3\/2021\/01\/PARENT-HANDBOOK.png 1467w, https:\/\/freshsites.afterschool.media\/cesarchavez-es\/wp-content\/uploads\/sites\/3\/2021\/01\/PARENT-HANDBOOK-300x233.png 300w, https:\/\/freshsites.afterschool.media\/cesarchavez-es\/wp-content\/uploads\/sites\/3\/2021\/01\/PARENT-HANDBOOK-1024x795.png 1024w, https:\/\/freshsites.afterschool.media\/cesarchavez-es\/wp-content\/uploads\/sites\/3\/2021\/01\/PARENT-HANDBOOK-768x596.png 768w\" sizes=\"(max-width: 1467px) 100vw, 1467px\" \/>\t\t\t\t\t\t\t\t\t\t\t\t\t\t\t<\/div>\n\t\t\t\t<\/div>\n\t\t\t\t\t<\/div>\n\t\t<\/div>\n\t\t\t\t\t<\/div>\n\t\t<\/section>\n\t\t\t\t<section data-particle_enable=\"false\" data-particle-mobile-disabled=\"false\" class=\"elementor-section elementor-top-section elementor-element elementor-element-3bb4c87 elementor-section-boxed elementor-section-height-default elementor-section-height-default\" data-id=\"3bb4c87\" data-element_type=\"section\">\n\t\t\t\t\t\t<div class=\"elementor-container elementor-column-gap-default\">\n\t\t\t\t\t<div class=\"elementor-column elementor-col-100 elementor-top-column elementor-element elementor-element-cd48ca7\" data-id=\"cd48ca7\" data-element_type=\"column\">\n\t\t\t<div class=\"elementor-widget-wrap elementor-element-populated\">\n\t\t\t\t\t\t<div class=\"elementor-element elementor-element-d987fa5 elementor-widget elementor-widget-image\" data-id=\"d987fa5\" data-element_type=\"widget\" data-widget_type=\"image.default\">\n\t\t\t\t<div class=\"elementor-widget-container\">\n\t\t\t\t\t\t\t\t\t\t\t\t\t\t\t<img decoding=\"async\" width=\"791\" height=\"1024\" src=\"https:\/\/freshsites.afterschool.media\/cesarchavez-es\/wp-content\/uploads\/sites\/3\/2021\/01\/Cesar-E.-Chavez-Elementary-Parent-Handbook-791x1024.png\" class=\"attachment-large size-large wp-image-1440\" alt=\"\" srcset=\"https:\/\/freshsites.afterschool.media\/cesarchavez-es\/wp-content\/uploads\/sites\/3\/2021\/01\/Cesar-E.-Chavez-Elementary-Parent-Handbook-791x1024.png 791w, https:\/\/freshsites.afterschool.media\/cesarchavez-es\/wp-content\/uploads\/sites\/3\/2021\/01\/Cesar-E.-Chavez-Elementary-Parent-Handbook-232x300.png 232w, https:\/\/freshsites.afterschool.media\/cesarchavez-es\/wp-content\/uploads\/sites\/3\/2021\/01\/Cesar-E.-Chavez-Elementary-Parent-Handbook-768x994.png 768w, https:\/\/freshsites.afterschool.media\/cesarchavez-es\/wp-content\/uploads\/sites\/3\/2021\/01\/Cesar-E.-Chavez-Elementary-Parent-Handbook-1187x1536.png 1187w, https:\/\/freshsites.afterschool.media\/cesarchavez-es\/wp-content\/uploads\/sites\/3\/2021\/01\/Cesar-E.-Chavez-Elementary-Parent-Handbook.png 1545w\" sizes=\"(max-width: 791px) 100vw, 791px\" \/>\t\t\t\t\t\t\t\t\t\t\t\t\t\t\t<\/div>\n\t\t\t\t<\/div>\n\t\t\t\t\t<\/div>\n\t\t<\/div>\n\t\t\t\t\t<\/div>\n\t\t<\/section>\n\t\t\t\t<section data-particle_enable=\"false\" data-particle-mobile-disabled=\"false\" class=\"elementor-section elementor-top-section elementor-element elementor-element-d1d8cdb elementor-section-boxed elementor-section-height-default elementor-section-height-default\" data-id=\"d1d8cdb\" data-element_type=\"section\">\n\t\t\t\t\t\t<div class=\"elementor-container elementor-column-gap-default\">\n\t\t\t\t\t<div class=\"elementor-column elementor-col-100 elementor-top-column elementor-element elementor-element-f1b8312\" data-id=\"f1b8312\" data-element_type=\"column\">\n\t\t\t<div class=\"elementor-widget-wrap elementor-element-populated\">\n\t\t\t\t\t\t<div class=\"elementor-element elementor-element-d64c63e elementor-widget elementor-widget-image\" data-id=\"d64c63e\" data-element_type=\"widget\" data-widget_type=\"image.default\">\n\t\t\t\t<div class=\"elementor-widget-container\">\n\t\t\t\t\t\t\t\t\t\t\t\t\t\t\t<img decoding=\"async\" width=\"791\" height=\"1024\" src=\"https:\/\/freshsites.afterschool.media\/cesarchavez-es\/wp-content\/uploads\/sites\/3\/2021\/01\/Cesar-E.-Chavez-Elementary-Parent-Handbook-1-791x1024.png\" class=\"attachment-large size-large wp-image-1441\" alt=\"\" srcset=\"https:\/\/freshsites.afterschool.media\/cesarchavez-es\/wp-content\/uploads\/sites\/3\/2021\/01\/Cesar-E.-Chavez-Elementary-Parent-Handbook-1-791x1024.png 791w, https:\/\/freshsites.afterschool.media\/cesarchavez-es\/wp-content\/uploads\/sites\/3\/2021\/01\/Cesar-E.-Chavez-Elementary-Parent-Handbook-1-232x300.png 232w, https:\/\/freshsites.afterschool.media\/cesarchavez-es\/wp-content\/uploads\/sites\/3\/2021\/01\/Cesar-E.-Chavez-Elementary-Parent-Handbook-1-768x994.png 768w, https:\/\/freshsites.afterschool.media\/cesarchavez-es\/wp-content\/uploads\/sites\/3\/2021\/01\/Cesar-E.-Chavez-Elementary-Parent-Handbook-1-1187x1536.png 1187w, https:\/\/freshsites.afterschool.media\/cesarchavez-es\/wp-content\/uploads\/sites\/3\/2021\/01\/Cesar-E.-Chavez-Elementary-Parent-Handbook-1.png 1545w\" sizes=\"(max-width: 791px) 100vw, 791px\" \/>\t\t\t\t\t\t\t\t\t\t\t\t\t\t\t<\/div>\n\t\t\t\t<\/div>\n\t\t\t\t\t<\/div>\n\t\t<\/div>\n\t\t\t\t\t<\/div>\n\t\t<\/section>\n\t\t\t\t<\/div>\n\t\t","protected":false},"excerpt":{"rendered":"<p>Parent Handbook Mission of the program, policies and other important information for parents of our students. Download Now Manual de Padres Misi\u00f3n del programa, pol\u00edticas y otra informaci\u00f3n importante para los padres de nuestros estudiantes. Descargar Ahora<\/p>\n","protected":false},"author":2,"featured_media":0,"parent":1384,"menu_order":0,"comment_status":"closed","ping_status":"closed","template":"","meta":{"footnotes":""},"class_list":["post-1397","page","type-page","status-publish","hentry"],"yoast_head":"<!-- This site is optimized with the Yoast SEO plugin v25.5 - https:\/\/yoast.com\/wordpress\/plugins\/seo\/ -->\n<title>Parent Handbook - Cesar E. Chavez Elementary School<\/title>\n<meta name=\"robots\" content=\"index, follow, max-snippet:-1, max-image-preview:large, max-video-preview:-1\" \/>\n<link rel=\"canonical\" href=\"https:\/\/freshsites.afterschool.media\/cesarchavez-es\/parents\/parent-handbook\/\" \/>\n<meta property=\"og:locale\" content=\"en_US\" \/>\n<meta property=\"og:type\" content=\"article\" \/>\n<meta property=\"og:title\" content=\"Parent Handbook - Cesar E. Chavez Elementary School\" \/>\n<meta property=\"og:description\" content=\"Parent Handbook Mission of the program, policies and other important information for parents of our students. Download Now Manual de Padres Misi\u00f3n del programa, pol\u00edticas y otra informaci\u00f3n importante para los padres de nuestros estudiantes. Descargar Ahora\" \/>\n<meta property=\"og:url\" content=\"https:\/\/freshsites.afterschool.media\/cesarchavez-es\/parents\/parent-handbook\/\" \/>\n<meta property=\"og:site_name\" content=\"Cesar E. Chavez Elementary School\" \/>\n<meta property=\"article:publisher\" content=\"https:\/\/www.facebook.com\/parlierusd\" \/>\n<meta property=\"article:modified_time\" content=\"2021-04-06T04:44:19+00:00\" \/>\n<meta property=\"og:image\" content=\"https:\/\/freshsites.afterschool.media\/cesarchavez-es\/wp-content\/uploads\/sites\/3\/2021\/01\/PARENT-HANDBOOK.png\" \/>\n<meta name=\"twitter:card\" content=\"summary_large_image\" \/>\n<script type=\"application\/ld+json\" class=\"yoast-schema-graph\">{\"@context\":\"https:\/\/schema.org\",\"@graph\":[{\"@type\":\"WebPage\",\"@id\":\"https:\/\/freshsites.afterschool.media\/cesarchavez-es\/parents\/parent-handbook\/\",\"url\":\"https:\/\/freshsites.afterschool.media\/cesarchavez-es\/parents\/parent-handbook\/\",\"name\":\"Parent Handbook - Cesar E. Chavez Elementary School\",\"isPartOf\":{\"@id\":\"https:\/\/freshsites.afterschool.media\/cesarchavez-es\/#website\"},\"primaryImageOfPage\":{\"@id\":\"https:\/\/freshsites.afterschool.media\/cesarchavez-es\/parents\/parent-handbook\/#primaryimage\"},\"image\":{\"@id\":\"https:\/\/freshsites.afterschool.media\/cesarchavez-es\/parents\/parent-handbook\/#primaryimage\"},\"thumbnailUrl\":\"https:\/\/freshsites.afterschool.media\/cesarchavez-es\/wp-content\/uploads\/sites\/3\/2021\/01\/PARENT-HANDBOOK.png\",\"datePublished\":\"2021-01-12T10:52:59+00:00\",\"dateModified\":\"2021-04-06T04:44:19+00:00\",\"breadcrumb\":{\"@id\":\"https:\/\/freshsites.afterschool.media\/cesarchavez-es\/parents\/parent-handbook\/#breadcrumb\"},\"inLanguage\":\"en-US\",\"potentialAction\":[{\"@type\":\"ReadAction\",\"target\":[\"https:\/\/freshsites.afterschool.media\/cesarchavez-es\/parents\/parent-handbook\/\"]}]},{\"@type\":\"ImageObject\",\"inLanguage\":\"en-US\",\"@id\":\"https:\/\/freshsites.afterschool.media\/cesarchavez-es\/parents\/parent-handbook\/#primaryimage\",\"url\":\"https:\/\/freshsites.afterschool.media\/cesarchavez-es\/wp-content\/uploads\/sites\/3\/2021\/01\/PARENT-HANDBOOK.png\",\"contentUrl\":\"https:\/\/freshsites.afterschool.media\/cesarchavez-es\/wp-content\/uploads\/sites\/3\/2021\/01\/PARENT-HANDBOOK.png\"},{\"@type\":\"BreadcrumbList\",\"@id\":\"https:\/\/freshsites.afterschool.media\/cesarchavez-es\/parents\/parent-handbook\/#breadcrumb\",\"itemListElement\":[{\"@type\":\"ListItem\",\"position\":1,\"name\":\"Parents\",\"item\":\"https:\/\/freshsites.afterschool.media\/cesarchavez-es\/parents\/\"},{\"@type\":\"ListItem\",\"position\":2,\"name\":\"Parent Handbook\"}]},{\"@type\":\"WebSite\",\"@id\":\"https:\/\/freshsites.afterschool.media\/cesarchavez-es\/#website\",\"url\":\"https:\/\/freshsites.afterschool.media\/cesarchavez-es\/\",\"name\":\"Cesar E. Chavez Elementary School\",\"description\":\"GO WILDCATS!\",\"publisher\":{\"@id\":\"https:\/\/freshsites.afterschool.media\/cesarchavez-es\/#organization\"},\"potentialAction\":[{\"@type\":\"SearchAction\",\"target\":{\"@type\":\"EntryPoint\",\"urlTemplate\":\"https:\/\/freshsites.afterschool.media\/cesarchavez-es\/?s={search_term_string}\"},\"query-input\":{\"@type\":\"PropertyValueSpecification\",\"valueRequired\":true,\"valueName\":\"search_term_string\"}}],\"inLanguage\":\"en-US\"},{\"@type\":\"Organization\",\"@id\":\"https:\/\/freshsites.afterschool.media\/cesarchavez-es\/#organization\",\"name\":\"Cesar E. Chavez Elementary\",\"url\":\"https:\/\/freshsites.afterschool.media\/cesarchavez-es\/\",\"logo\":{\"@type\":\"ImageObject\",\"inLanguage\":\"en-US\",\"@id\":\"https:\/\/freshsites.afterschool.media\/cesarchavez-es\/#\/schema\/logo\/image\/\",\"url\":\"https:\/\/freshsites.afterschool.media\/cesarchavez-es\/wp-content\/uploads\/sites\/3\/2019\/12\/Wildcats.png\",\"contentUrl\":\"https:\/\/freshsites.afterschool.media\/cesarchavez-es\/wp-content\/uploads\/sites\/3\/2019\/12\/Wildcats.png\",\"width\":1600,\"height\":1042,\"caption\":\"Cesar E. Chavez Elementary\"},\"image\":{\"@id\":\"https:\/\/freshsites.afterschool.media\/cesarchavez-es\/#\/schema\/logo\/image\/\"},\"sameAs\":[\"https:\/\/www.facebook.com\/parlierusd\"]}]}<\/script>\n<!-- \/ Yoast SEO plugin. -->","yoast_head_json":{"title":"Parent Handbook - Cesar E. Chavez Elementary School","robots":{"index":"index","follow":"follow","max-snippet":"max-snippet:-1","max-image-preview":"max-image-preview:large","max-video-preview":"max-video-preview:-1"},"canonical":"https:\/\/freshsites.afterschool.media\/cesarchavez-es\/parents\/parent-handbook\/","og_locale":"en_US","og_type":"article","og_title":"Parent Handbook - Cesar E. Chavez Elementary School","og_description":"Parent Handbook Mission of the program, policies and other important information for parents of our students. Download Now Manual de Padres Misi\u00f3n del programa, pol\u00edticas y otra informaci\u00f3n importante para los padres de nuestros estudiantes. Descargar Ahora","og_url":"https:\/\/freshsites.afterschool.media\/cesarchavez-es\/parents\/parent-handbook\/","og_site_name":"Cesar E. Chavez Elementary School","article_publisher":"https:\/\/www.facebook.com\/parlierusd","article_modified_time":"2021-04-06T04:44:19+00:00","og_image":[{"url":"https:\/\/freshsites.afterschool.media\/cesarchavez-es\/wp-content\/uploads\/sites\/3\/2021\/01\/PARENT-HANDBOOK.png","type":"","width":"","height":""}],"twitter_card":"summary_large_image","schema":{"@context":"https:\/\/schema.org","@graph":[{"@type":"WebPage","@id":"https:\/\/freshsites.afterschool.media\/cesarchavez-es\/parents\/parent-handbook\/","url":"https:\/\/freshsites.afterschool.media\/cesarchavez-es\/parents\/parent-handbook\/","name":"Parent Handbook - Cesar E. Chavez Elementary School","isPartOf":{"@id":"https:\/\/freshsites.afterschool.media\/cesarchavez-es\/#website"},"primaryImageOfPage":{"@id":"https:\/\/freshsites.afterschool.media\/cesarchavez-es\/parents\/parent-handbook\/#primaryimage"},"image":{"@id":"https:\/\/freshsites.afterschool.media\/cesarchavez-es\/parents\/parent-handbook\/#primaryimage"},"thumbnailUrl":"https:\/\/freshsites.afterschool.media\/cesarchavez-es\/wp-content\/uploads\/sites\/3\/2021\/01\/PARENT-HANDBOOK.png","datePublished":"2021-01-12T10:52:59+00:00","dateModified":"2021-04-06T04:44:19+00:00","breadcrumb":{"@id":"https:\/\/freshsites.afterschool.media\/cesarchavez-es\/parents\/parent-handbook\/#breadcrumb"},"inLanguage":"en-US","potentialAction":[{"@type":"ReadAction","target":["https:\/\/freshsites.afterschool.media\/cesarchavez-es\/parents\/parent-handbook\/"]}]},{"@type":"ImageObject","inLanguage":"en-US","@id":"https:\/\/freshsites.afterschool.media\/cesarchavez-es\/parents\/parent-handbook\/#primaryimage","url":"https:\/\/freshsites.afterschool.media\/cesarchavez-es\/wp-content\/uploads\/sites\/3\/2021\/01\/PARENT-HANDBOOK.png","contentUrl":"https:\/\/freshsites.afterschool.media\/cesarchavez-es\/wp-content\/uploads\/sites\/3\/2021\/01\/PARENT-HANDBOOK.png"},{"@type":"BreadcrumbList","@id":"https:\/\/freshsites.afterschool.media\/cesarchavez-es\/parents\/parent-handbook\/#breadcrumb","itemListElement":[{"@type":"ListItem","position":1,"name":"Parents","item":"https:\/\/freshsites.afterschool.media\/cesarchavez-es\/parents\/"},{"@type":"ListItem","position":2,"name":"Parent Handbook"}]},{"@type":"WebSite","@id":"https:\/\/freshsites.afterschool.media\/cesarchavez-es\/#website","url":"https:\/\/freshsites.afterschool.media\/cesarchavez-es\/","name":"Cesar E. Chavez Elementary School","description":"GO WILDCATS!","publisher":{"@id":"https:\/\/freshsites.afterschool.media\/cesarchavez-es\/#organization"},"potentialAction":[{"@type":"SearchAction","target":{"@type":"EntryPoint","urlTemplate":"https:\/\/freshsites.afterschool.media\/cesarchavez-es\/?s={search_term_string}"},"query-input":{"@type":"PropertyValueSpecification","valueRequired":true,"valueName":"search_term_string"}}],"inLanguage":"en-US"},{"@type":"Organization","@id":"https:\/\/freshsites.afterschool.media\/cesarchavez-es\/#organization","name":"Cesar E. Chavez Elementary","url":"https:\/\/freshsites.afterschool.media\/cesarchavez-es\/","logo":{"@type":"ImageObject","inLanguage":"en-US","@id":"https:\/\/freshsites.afterschool.media\/cesarchavez-es\/#\/schema\/logo\/image\/","url":"https:\/\/freshsites.afterschool.media\/cesarchavez-es\/wp-content\/uploads\/sites\/3\/2019\/12\/Wildcats.png","contentUrl":"https:\/\/freshsites.afterschool.media\/cesarchavez-es\/wp-content\/uploads\/sites\/3\/2019\/12\/Wildcats.png","width":1600,"height":1042,"caption":"Cesar E. Chavez Elementary"},"image":{"@id":"https:\/\/freshsites.afterschool.media\/cesarchavez-es\/#\/schema\/logo\/image\/"},"sameAs":["https:\/\/www.facebook.com\/parlierusd"]}]}},"_links":{"self":[{"href":"https:\/\/freshsites.afterschool.media\/cesarchavez-es\/wp-json\/wp\/v2\/pages\/1397","targetHints":{"allow":["GET"]}}],"collection":[{"href":"https:\/\/freshsites.afterschool.media\/cesarchavez-es\/wp-json\/wp\/v2\/pages"}],"about":[{"href":"https:\/\/freshsites.afterschool.media\/cesarchavez-es\/wp-json\/wp\/v2\/types\/page"}],"author":[{"embeddable":true,"href":"https:\/\/freshsites.afterschool.media\/cesarchavez-es\/wp-json\/wp\/v2\/users\/2"}],"replies":[{"embeddable":true,"href":"https:\/\/freshsites.afterschool.media\/cesarchavez-es\/wp-json\/wp\/v2\/comments?post=1397"}],"version-history":[{"count":8,"href":"https:\/\/freshsites.afterschool.media\/cesarchavez-es\/wp-json\/wp\/v2\/pages\/1397\/revisions"}],"predecessor-version":[{"id":1442,"href":"https:\/\/freshsites.afterschool.media\/cesarchavez-es\/wp-json\/wp\/v2\/pages\/1397\/revisions\/1442"}],"up":[{"embeddable":true,"href":"https:\/\/freshsites.afterschool.media\/cesarchavez-es\/wp-json\/wp\/v2\/pages\/1384"}],"wp:attachment":[{"href":"https:\/\/freshsites.afterschool.media\/cesarchavez-es\/wp-json\/wp\/v2\/media?parent=1397"}],"curies":[{"name":"wp","href":"https:\/\/api.w.org\/{rel}","templated":true}]}}