{"id":511,"date":"2019-12-16T18:43:16","date_gmt":"2019-12-16T18:43:16","guid":{"rendered":"https:\/\/freshsites.afterschool.media\/asp-template-2\/?page_id=511"},"modified":"2022-01-24T01:38:23","modified_gmt":"2022-01-24T01:38:23","slug":"about","status":"publish","type":"page","link":"https:\/\/freshsites.afterschool.media\/firebaugh-ms\/","title":{"rendered":"About"},"content":{"rendered":"\t\t<div data-elementor-type=\"wp-page\" data-elementor-id=\"511\" class=\"elementor elementor-511\" data-elementor-post-type=\"page\">\n\t\t\t\t\t\t<section data-particle_enable=\"false\" data-particle-mobile-disabled=\"false\" class=\"elementor-section elementor-top-section elementor-element elementor-element-9b3e024 elementor-section-boxed elementor-section-height-default elementor-section-height-default\" data-id=\"9b3e024\" data-element_type=\"section\">\n\t\t\t\t\t\t<div class=\"elementor-container elementor-column-gap-default\">\n\t\t\t\t\t<div class=\"elementor-column elementor-col-100 elementor-top-column elementor-element elementor-element-a1ea8fd\" data-id=\"a1ea8fd\" data-element_type=\"column\">\n\t\t\t<div class=\"elementor-widget-wrap elementor-element-populated\">\n\t\t\t\t\t\t<div class=\"elementor-element elementor-element-6c57a05 elementor--h-position-center elementor--v-position-middle elementor-arrows-position-inside elementor-pagination-position-inside elementor-widget elementor-widget-slides\" data-id=\"6c57a05\" data-element_type=\"widget\" data-settings=\"{&quot;navigation&quot;:&quot;both&quot;,&quot;autoplay&quot;:&quot;yes&quot;,&quot;pause_on_hover&quot;:&quot;yes&quot;,&quot;pause_on_interaction&quot;:&quot;yes&quot;,&quot;autoplay_speed&quot;:5000,&quot;infinite&quot;:&quot;yes&quot;,&quot;transition&quot;:&quot;slide&quot;,&quot;transition_speed&quot;:500}\" data-widget_type=\"slides.default\">\n\t\t\t\t<div class=\"elementor-widget-container\">\n\t\t\t\t\t\t\t\t\t<div class=\"elementor-swiper\">\n\t\t\t\t\t<div class=\"elementor-slides-wrapper elementor-main-swiper swiper\" role=\"region\" aria-roledescription=\"carousel\" aria-label=\"Slides\" dir=\"ltr\" data-animation=\"fadeInUp\">\n\t\t\t\t<div class=\"swiper-wrapper elementor-slides\">\n\t\t\t\t\t\t\t\t\t\t<div class=\"elementor-repeater-item-66bf77a swiper-slide\" role=\"group\" aria-roledescription=\"slide\"><div class=\"swiper-slide-bg\" role=\"img\"><\/div><div class=\"swiper-slide-inner\" ><div class=\"swiper-slide-contents\"><\/div><\/div><\/div>\t\t\t\t<\/div>\n\t\t\t\t\t\t\t<\/div>\n\t\t\t\t<\/div>\n\t\t\t\t\t\t\t\t<\/div>\n\t\t\t\t<\/div>\n\t\t\t\t<div class=\"elementor-element elementor-element-7c0eda1 elementor-widget elementor-widget-heading\" data-id=\"7c0eda1\" data-element_type=\"widget\" data-widget_type=\"heading.default\">\n\t\t\t\t<div class=\"elementor-widget-container\">\n\t\t\t\t\t<h2 class=\"elementor-heading-title elementor-size-default\">Firebaugh MS After School Program<\/h2>\t\t\t\t<\/div>\n\t\t\t\t<\/div>\n\t\t\t\t<div class=\"elementor-element elementor-element-703f69b elementor-widget elementor-widget-text-editor\" data-id=\"703f69b\" data-element_type=\"widget\" data-widget_type=\"text-editor.default\">\n\t\t\t\t<div class=\"elementor-widget-container\">\n\t\t\t\t\t\t\t\t\t<p><strong><u>OUR MISSION STATEMENT<\/u><\/strong><\/p><p>Firebaugh Middle After-School Program seeks to\u00a0addresses students\u2019 unique learning styles, cultivates independent thoughts and promotes alternative learning in a FUN and safe environment.<\/p><p>(Firebaugh Middle After-School Program busca aborda los estilos de aprendizaje \u00fanicos de los estudiantes, cultiva pensamientos independientes y promueve el aprendizaje alternativo en un ambiente divertido y seguro.)<\/p><p><strong><u>VISION<\/u><\/strong><\/p><p>Our vision is to provide an environment where great leaders can flourish and inspire others to do great things. To teach and inform students that they too can excel and make a difference in today\u2019s society by caring and trying. Students are the future of tomorrow.<\/p><p>(Nuestra visi\u00f3n es proporcionar un ambiente donde grandes l\u00edderes puedan florecer e inspirar a otros a hacer grandes cosas. Ense\u00f1ar e informar a los estudiantes que ellos tambi\u00e9n pueden sobresalir y marcar la diferencia en la sociedad actual al preocuparse y tratar. Los estudiantes son el futuro del ma\u00f1ana.)<\/p><ul><li>Every Monday will be snack and activity distribution for the full week located at Firebaugh Middle School.<\/li><li><a href=\"https:\/\/www.reverso.net\/translationresults.aspx?lang=EN&amp;sourcetext=Every%20Monday%20will%20be%20snack%20and%20activity%20distribution%20for%20the%20full%20week%20located%20at%20Firebaugh%20Middle%20School.&amp;action_form=translate&amp;direction_translation=eng-spa-7\" target=\"_blank\" rel=\"noopener\">Cada lunes se distribuir\u00e1n meriendas y actividades para toda la semana en Firebaugh<\/a><\/li><li>Mondays will also be registration help on a computer with a staff member.<\/li><li>Los lunes tambi\u00e9n ser\u00e1 la ayuda de registro en una computadora con un miembro del personal.<\/li><li>\u00a0Register your student NOW for homework support and enrichment activities.<\/li><li>Registre a su estudiante AHORA para actividades de apoyo y enriquecimiento.<\/li><li>All parents will be called to get information on when your student starts or if the application needs attention.<\/li><li>Se llamar\u00e1 a todos los padres para obtener informaci\u00f3n sobre cu\u00e1ndo comienza su estudiante o si la solicitud necesita atenci\u00f3n.<\/li><\/ul>\t\t\t\t\t\t\t\t<\/div>\n\t\t\t\t<\/div>\n\t\t\t\t<section data-particle_enable=\"false\" data-particle-mobile-disabled=\"false\" class=\"elementor-section elementor-inner-section elementor-element elementor-element-7200e33 elementor-section-height-min-height elementor-section-boxed elementor-section-height-default\" data-id=\"7200e33\" data-element_type=\"section\">\n\t\t\t\t\t\t<div class=\"elementor-container elementor-column-gap-default\">\n\t\t\t\t\t<div class=\"elementor-column elementor-col-50 elementor-inner-column elementor-element elementor-element-26bb75f\" data-id=\"26bb75f\" data-element_type=\"column\" data-settings=\"{&quot;background_background&quot;:&quot;classic&quot;}\">\n\t\t\t<div class=\"elementor-widget-wrap elementor-element-populated\">\n\t\t\t\t\t\t<div class=\"elementor-element elementor-element-5540b30 elementor-hidden-desktop elementor-hidden-tablet elementor-widget elementor-widget-image\" data-id=\"5540b30\" data-element_type=\"widget\" data-widget_type=\"image.default\">\n\t\t\t\t<div class=\"elementor-widget-container\">\n\t\t\t\t\t\t\t\t\t\t\t\t\t\t\t<img fetchpriority=\"high\" decoding=\"async\" width=\"700\" height=\"350\" src=\"https:\/\/freshsites.afterschool.media\/firebaugh-ms\/wp-content\/uploads\/sites\/86\/2020\/04\/signup-es.jpg\" class=\"attachment-large size-large wp-image-1008\" alt=\"\" srcset=\"https:\/\/freshsites.afterschool.media\/firebaugh-ms\/wp-content\/uploads\/sites\/86\/2020\/04\/signup-es.jpg 700w, https:\/\/freshsites.afterschool.media\/firebaugh-ms\/wp-content\/uploads\/sites\/86\/2020\/04\/signup-es-300x150.jpg 300w\" sizes=\"(max-width: 700px) 100vw, 700px\" \/>\t\t\t\t\t\t\t\t\t\t\t\t\t\t\t<\/div>\n\t\t\t\t<\/div>\n\t\t\t\t\t<\/div>\n\t\t<\/div>\n\t\t\t\t<div class=\"elementor-column elementor-col-50 elementor-inner-column elementor-element elementor-element-312affa\" data-id=\"312affa\" data-element_type=\"column\" data-settings=\"{&quot;background_background&quot;:&quot;classic&quot;}\">\n\t\t\t<div class=\"elementor-widget-wrap elementor-element-populated\">\n\t\t\t\t\t\t<div class=\"elementor-element elementor-element-5b729a4 elementor-widget elementor-widget-heading\" data-id=\"5b729a4\" data-element_type=\"widget\" data-widget_type=\"heading.default\">\n\t\t\t\t<div class=\"elementor-widget-container\">\n\t\t\t\t\t<h2 class=\"elementor-heading-title elementor-size-default\">Register Your Kid<\/h2>\t\t\t\t<\/div>\n\t\t\t\t<\/div>\n\t\t\t\t<div class=\"elementor-element elementor-element-dbf1b44 elementor-widget elementor-widget-text-editor\" data-id=\"dbf1b44\" data-element_type=\"widget\" data-widget_type=\"text-editor.default\">\n\t\t\t\t<div class=\"elementor-widget-container\">\n\t\t\t\t\t\t\t\t\t<p>Your kids will enjoy our amazing After School Programs<\/p>\t\t\t\t\t\t\t\t<\/div>\n\t\t\t\t<\/div>\n\t\t\t\t<div class=\"elementor-element elementor-element-9f863cd elementor-align-center elementor-tablet-align-center elementor-widget__width-auto elementor-widget-tablet__width-auto elementor-widget elementor-widget-button\" data-id=\"9f863cd\" data-element_type=\"widget\" data-widget_type=\"button.default\">\n\t\t\t\t<div class=\"elementor-widget-container\">\n\t\t\t\t\t\t\t\t\t<div class=\"elementor-button-wrapper\">\n\t\t\t\t\t<a class=\"elementor-button elementor-button-link elementor-size-xs\" href=\"https:\/\/fcoeasp.ercdata.com\/EnrollmentForm_SchoolYear_English_Virtual.aspx\" target=\"_blank\">\n\t\t\t\t\t\t<span class=\"elementor-button-content-wrapper\">\n\t\t\t\t\t\t\t\t\t<span class=\"elementor-button-text\">APPLY NOW<\/span>\n\t\t\t\t\t<\/span>\n\t\t\t\t\t<\/a>\n\t\t\t\t<\/div>\n\t\t\t\t\t\t\t\t<\/div>\n\t\t\t\t<\/div>\n\t\t\t\t\t<\/div>\n\t\t<\/div>\n\t\t\t\t\t<\/div>\n\t\t<\/section>\n\t\t\t\t<div class=\"elementor-element elementor-element-ffb50f6 elementor-widget elementor-widget-heading\" data-id=\"ffb50f6\" data-element_type=\"widget\" data-widget_type=\"heading.default\">\n\t\t\t\t<div class=\"elementor-widget-container\">\n\t\t\t\t\t<h2 class=\"elementor-heading-title elementor-size-default\">Parent Testimonials<\/h2>\t\t\t\t<\/div>\n\t\t\t\t<\/div>\n\t\t\t\t<div class=\"elementor-element elementor-element-b43189f elementor-testimonial--skin-bubble elementor-testimonial--layout-image_inline elementor-testimonial--align-center elementor-arrows-yes elementor-widget elementor-widget-testimonial-carousel\" data-id=\"b43189f\" data-element_type=\"widget\" data-settings=\"{&quot;slides_per_view&quot;:&quot;2&quot;,&quot;slides_to_scroll&quot;:&quot;1&quot;,&quot;show_arrows&quot;:&quot;yes&quot;,&quot;speed&quot;:500,&quot;autoplay&quot;:&quot;yes&quot;,&quot;autoplay_speed&quot;:5000,&quot;loop&quot;:&quot;yes&quot;,&quot;pause_on_hover&quot;:&quot;yes&quot;,&quot;pause_on_interaction&quot;:&quot;yes&quot;,&quot;space_between&quot;:{&quot;unit&quot;:&quot;px&quot;,&quot;size&quot;:10,&quot;sizes&quot;:[]},&quot;space_between_tablet&quot;:{&quot;unit&quot;:&quot;px&quot;,&quot;size&quot;:10,&quot;sizes&quot;:[]},&quot;space_between_mobile&quot;:{&quot;unit&quot;:&quot;px&quot;,&quot;size&quot;:10,&quot;sizes&quot;:[]}}\" data-widget_type=\"testimonial-carousel.default\">\n\t\t\t\t<div class=\"elementor-widget-container\">\n\t\t\t\t\t\t\t\t\t<div class=\"elementor-swiper\">\n\t\t\t\t\t<div class=\"elementor-main-swiper swiper\" role=\"region\" aria-roledescription=\"carousel\" aria-label=\"Slides\">\n\t\t\t\t<div class=\"swiper-wrapper\">\n\t\t\t\t\t\t\t\t\t\t\t<div class=\"swiper-slide\" role=\"group\" aria-roledescription=\"slide\">\n\t\t\t\t\t\t\t\t\t<div class=\"elementor-testimonial\">\n\t\t\t\t\t\t\t<div class=\"elementor-testimonial__content\">\n\t\t\t\t\t<div class=\"elementor-testimonial__text\">\n\t\t\t\t\t\tTestimonial 1 - The After School Program has provided a safe and welcoming place for students. With tutors who are always there to help.\t\t\t\t\t<\/div>\n\t\t\t\t\t\t\t\t\t<\/div>\n\t\t\t\t\t\t<div class=\"elementor-testimonial__footer\">\n\t\t\t\t\t\t\t\t\t<div class=\"elementor-testimonial__image\">\n\t\t\t\t\t\t<img decoding=\"async\" src=\"https:\/\/freshsites.afterschool.media\/firebaugh-ms\/wp-content\/uploads\/sites\/86\/2019\/12\/site-lead-placeholder.png\" alt=\"Kathleen McCoy\">\n\t\t\t\t\t\t\t\t\t\t\t<\/div>\n\t\t\t\t\t\t\t\t<cite class=\"elementor-testimonial__cite\"><span class=\"elementor-testimonial__name\">Kathleen McCoy<\/span><span class=\"elementor-testimonial__title\">Parent 1<\/span><\/cite>\t\t\t<\/div>\n\t\t<\/div>\n\t\t\t\t\t\t\t\t<\/div>\n\t\t\t\t\t\t\t\t\t\t\t<div class=\"swiper-slide\" role=\"group\" aria-roledescription=\"slide\">\n\t\t\t\t\t\t\t\t\t<div class=\"elementor-testimonial\">\n\t\t\t\t\t\t\t<div class=\"elementor-testimonial__content\">\n\t\t\t\t\t<div class=\"elementor-testimonial__text\">\n\t\t\t\t\t\tTestimonial 2 - Lorem ipsum dolor sit amet, consectetur adipiscing elit, sed do eiusmod tempor incididunt ut labore et\t\t\t\t\t<\/div>\n\t\t\t\t\t\t\t\t\t<\/div>\n\t\t\t\t\t\t<div class=\"elementor-testimonial__footer\">\n\t\t\t\t\t\t\t\t\t<div class=\"elementor-testimonial__image\">\n\t\t\t\t\t\t<img decoding=\"async\" src=\"https:\/\/freshsites.afterschool.media\/firebaugh-ms\/wp-content\/uploads\/sites\/86\/2019\/11\/ava2.png\" alt=\"John Doe\">\n\t\t\t\t\t\t\t\t\t\t\t<\/div>\n\t\t\t\t\t\t\t\t<cite class=\"elementor-testimonial__cite\"><span class=\"elementor-testimonial__name\">John Doe<\/span><span class=\"elementor-testimonial__title\">CEO<\/span><\/cite>\t\t\t<\/div>\n\t\t<\/div>\n\t\t\t\t\t\t\t\t<\/div>\n\t\t\t\t\t\t\t\t\t\t\t<div class=\"swiper-slide\" role=\"group\" aria-roledescription=\"slide\">\n\t\t\t\t\t\t\t\t\t<div class=\"elementor-testimonial\">\n\t\t\t\t\t\t\t<div class=\"elementor-testimonial__content\">\n\t\t\t\t\t<div class=\"elementor-testimonial__text\">\n\t\t\t\t\t\tTestimonial 3 - Lorem ipsum dolor sit amet, consectetur adipiscing elit, sed do eiusmod tempor incididunt ut labore et\t\t\t\t\t<\/div>\n\t\t\t\t\t\t\t\t\t<\/div>\n\t\t\t\t\t\t<div class=\"elementor-testimonial__footer\">\n\t\t\t\t\t\t\t\t\t<div class=\"elementor-testimonial__image\">\n\t\t\t\t\t\t<img decoding=\"async\" src=\"https:\/\/freshsites.afterschool.media\/firebaugh-ms\/wp-content\/uploads\/sites\/86\/2019\/11\/y12.png\" alt=\"James Reid\">\n\t\t\t\t\t\t\t\t\t\t\t<\/div>\n\t\t\t\t\t\t\t\t<cite class=\"elementor-testimonial__cite\"><span class=\"elementor-testimonial__name\">James Reid<\/span><span class=\"elementor-testimonial__title\">CEO<\/span><\/cite>\t\t\t<\/div>\n\t\t<\/div>\n\t\t\t\t\t\t\t\t<\/div>\n\t\t\t\t\t\t\t\t\t<\/div>\n\t\t\t\t\t\t\t\t\t\t\t\t\t\t\t<div class=\"elementor-swiper-button elementor-swiper-button-prev\" role=\"button\" tabindex=\"0\" aria-label=\"Previous\">\n\t\t\t\t\t\t\t<i aria-hidden=\"true\" class=\"eicon-chevron-left\"><\/i>\t\t\t\t\t\t<\/div>\n\t\t\t\t\t\t<div class=\"elementor-swiper-button elementor-swiper-button-next\" role=\"button\" tabindex=\"0\" aria-label=\"Next\">\n\t\t\t\t\t\t\t<i aria-hidden=\"true\" class=\"eicon-chevron-right\"><\/i>\t\t\t\t\t\t<\/div>\n\t\t\t\t\t\t\t\t\t\t\t\t\t\t\t\t\t<\/div>\n\t\t\t\t<\/div>\n\t\t\t\t\t\t\t\t<\/div>\n\t\t\t\t<\/div>\n\t\t\t\t\t<\/div>\n\t\t<\/div>\n\t\t\t\t\t<\/div>\n\t\t<\/section>\n\t\t\t\t<\/div>\n\t\t","protected":false},"excerpt":{"rendered":"<p>Firebaugh MS After School Program OUR MISSION STATEMENT Firebaugh Middle After-School Program seeks to\u00a0addresses students\u2019 unique learning styles, cultivates independent thoughts and promotes alternative learning in a FUN and safe environment. (Firebaugh Middle After-School Program busca aborda los estilos de aprendizaje \u00fanicos de los estudiantes, cultiva pensamientos independientes y promueve el aprendizaje alternativo en un [&hellip;]<\/p>\n","protected":false},"author":2,"featured_media":0,"parent":0,"menu_order":0,"comment_status":"closed","ping_status":"closed","template":"","meta":{"footnotes":""},"class_list":["post-511","page","type-page","status-publish","hentry"],"yoast_head":"<!-- This site is optimized with the Yoast SEO plugin v25.5 - https:\/\/yoast.com\/wordpress\/plugins\/seo\/ -->\n<title>About - Firebaugh Middle School<\/title>\n<meta name=\"robots\" content=\"index, follow, max-snippet:-1, max-image-preview:large, max-video-preview:-1\" \/>\n<link rel=\"canonical\" href=\"https:\/\/freshsites.afterschool.media\/firebaugh-ms\/\" \/>\n<meta property=\"og:locale\" content=\"en_US\" \/>\n<meta property=\"og:type\" content=\"article\" \/>\n<meta property=\"og:title\" content=\"About - Firebaugh Middle School\" \/>\n<meta property=\"og:description\" content=\"Firebaugh MS After School Program OUR MISSION STATEMENT Firebaugh Middle After-School Program seeks to\u00a0addresses students\u2019 unique learning styles, cultivates independent thoughts and promotes alternative learning in a FUN and safe environment. (Firebaugh Middle After-School Program busca aborda los estilos de aprendizaje \u00fanicos de los estudiantes, cultiva pensamientos independientes y promueve el aprendizaje alternativo en un [&hellip;]\" \/>\n<meta property=\"og:url\" content=\"https:\/\/freshsites.afterschool.media\/firebaugh-ms\/\" \/>\n<meta property=\"og:site_name\" content=\"Firebaugh Middle School\" \/>\n<meta property=\"article:modified_time\" content=\"2022-01-24T01:38:23+00:00\" \/>\n<meta property=\"og:image\" content=\"https:\/\/freshsites.afterschool.media\/firebaugh-ms\/wp-content\/uploads\/sites\/86\/2020\/04\/signup-es.jpg\" \/>\n<meta name=\"twitter:card\" content=\"summary_large_image\" \/>\n<meta name=\"twitter:label1\" content=\"Est. reading time\" \/>\n\t<meta name=\"twitter:data1\" content=\"2 minutes\" \/>\n<script type=\"application\/ld+json\" class=\"yoast-schema-graph\">{\"@context\":\"https:\/\/schema.org\",\"@graph\":[{\"@type\":\"WebPage\",\"@id\":\"https:\/\/freshsites.afterschool.media\/firebaugh-ms\/\",\"url\":\"https:\/\/freshsites.afterschool.media\/firebaugh-ms\/\",\"name\":\"About - Firebaugh Middle School\",\"isPartOf\":{\"@id\":\"https:\/\/freshsites.afterschool.media\/firebaugh-ms\/#website\"},\"primaryImageOfPage\":{\"@id\":\"https:\/\/freshsites.afterschool.media\/firebaugh-ms\/#primaryimage\"},\"image\":{\"@id\":\"https:\/\/freshsites.afterschool.media\/firebaugh-ms\/#primaryimage\"},\"thumbnailUrl\":\"https:\/\/freshsites.afterschool.media\/firebaugh-ms\/wp-content\/uploads\/sites\/86\/2020\/04\/signup-es.jpg\",\"datePublished\":\"2019-12-16T18:43:16+00:00\",\"dateModified\":\"2022-01-24T01:38:23+00:00\",\"inLanguage\":\"en-US\",\"potentialAction\":[{\"@type\":\"ReadAction\",\"target\":[\"https:\/\/freshsites.afterschool.media\/firebaugh-ms\/\"]}]},{\"@type\":\"ImageObject\",\"inLanguage\":\"en-US\",\"@id\":\"https:\/\/freshsites.afterschool.media\/firebaugh-ms\/#primaryimage\",\"url\":\"https:\/\/freshsites.afterschool.media\/firebaugh-ms\/wp-content\/uploads\/sites\/86\/2020\/04\/signup-es.jpg\",\"contentUrl\":\"https:\/\/freshsites.afterschool.media\/firebaugh-ms\/wp-content\/uploads\/sites\/86\/2020\/04\/signup-es.jpg\"},{\"@type\":\"WebSite\",\"@id\":\"https:\/\/freshsites.afterschool.media\/firebaugh-ms\/#website\",\"url\":\"https:\/\/freshsites.afterschool.media\/firebaugh-ms\/\",\"name\":\"Firebaugh Middle School\",\"description\":\"Go Falcons!\",\"publisher\":{\"@id\":\"https:\/\/freshsites.afterschool.media\/firebaugh-ms\/#organization\"},\"potentialAction\":[{\"@type\":\"SearchAction\",\"target\":{\"@type\":\"EntryPoint\",\"urlTemplate\":\"https:\/\/freshsites.afterschool.media\/firebaugh-ms\/?s={search_term_string}\"},\"query-input\":{\"@type\":\"PropertyValueSpecification\",\"valueRequired\":true,\"valueName\":\"search_term_string\"}}],\"inLanguage\":\"en-US\"},{\"@type\":\"Organization\",\"@id\":\"https:\/\/freshsites.afterschool.media\/firebaugh-ms\/#organization\",\"name\":\"Firebaugh Middle School\",\"url\":\"https:\/\/freshsites.afterschool.media\/firebaugh-ms\/\",\"logo\":{\"@type\":\"ImageObject\",\"inLanguage\":\"en-US\",\"@id\":\"https:\/\/freshsites.afterschool.media\/firebaugh-ms\/#\/schema\/logo\/image\/\",\"url\":\"https:\/\/freshsites.afterschool.media\/firebaugh-ms\/wp-content\/uploads\/sites\/86\/2020\/09\/firebaughs-ms.png\",\"contentUrl\":\"https:\/\/freshsites.afterschool.media\/firebaugh-ms\/wp-content\/uploads\/sites\/86\/2020\/09\/firebaughs-ms.png\",\"width\":75,\"height\":75,\"caption\":\"Firebaugh Middle School\"},\"image\":{\"@id\":\"https:\/\/freshsites.afterschool.media\/firebaugh-ms\/#\/schema\/logo\/image\/\"}}]}<\/script>\n<!-- \/ Yoast SEO plugin. -->","yoast_head_json":{"title":"About - Firebaugh Middle School","robots":{"index":"index","follow":"follow","max-snippet":"max-snippet:-1","max-image-preview":"max-image-preview:large","max-video-preview":"max-video-preview:-1"},"canonical":"https:\/\/freshsites.afterschool.media\/firebaugh-ms\/","og_locale":"en_US","og_type":"article","og_title":"About - Firebaugh Middle School","og_description":"Firebaugh MS After School Program OUR MISSION STATEMENT Firebaugh Middle After-School Program seeks to\u00a0addresses students\u2019 unique learning styles, cultivates independent thoughts and promotes alternative learning in a FUN and safe environment. (Firebaugh Middle After-School Program busca aborda los estilos de aprendizaje \u00fanicos de los estudiantes, cultiva pensamientos independientes y promueve el aprendizaje alternativo en un [&hellip;]","og_url":"https:\/\/freshsites.afterschool.media\/firebaugh-ms\/","og_site_name":"Firebaugh Middle School","article_modified_time":"2022-01-24T01:38:23+00:00","og_image":[{"url":"https:\/\/freshsites.afterschool.media\/firebaugh-ms\/wp-content\/uploads\/sites\/86\/2020\/04\/signup-es.jpg","type":"","width":"","height":""}],"twitter_card":"summary_large_image","twitter_misc":{"Est. reading time":"2 minutes"},"schema":{"@context":"https:\/\/schema.org","@graph":[{"@type":"WebPage","@id":"https:\/\/freshsites.afterschool.media\/firebaugh-ms\/","url":"https:\/\/freshsites.afterschool.media\/firebaugh-ms\/","name":"About - Firebaugh Middle School","isPartOf":{"@id":"https:\/\/freshsites.afterschool.media\/firebaugh-ms\/#website"},"primaryImageOfPage":{"@id":"https:\/\/freshsites.afterschool.media\/firebaugh-ms\/#primaryimage"},"image":{"@id":"https:\/\/freshsites.afterschool.media\/firebaugh-ms\/#primaryimage"},"thumbnailUrl":"https:\/\/freshsites.afterschool.media\/firebaugh-ms\/wp-content\/uploads\/sites\/86\/2020\/04\/signup-es.jpg","datePublished":"2019-12-16T18:43:16+00:00","dateModified":"2022-01-24T01:38:23+00:00","inLanguage":"en-US","potentialAction":[{"@type":"ReadAction","target":["https:\/\/freshsites.afterschool.media\/firebaugh-ms\/"]}]},{"@type":"ImageObject","inLanguage":"en-US","@id":"https:\/\/freshsites.afterschool.media\/firebaugh-ms\/#primaryimage","url":"https:\/\/freshsites.afterschool.media\/firebaugh-ms\/wp-content\/uploads\/sites\/86\/2020\/04\/signup-es.jpg","contentUrl":"https:\/\/freshsites.afterschool.media\/firebaugh-ms\/wp-content\/uploads\/sites\/86\/2020\/04\/signup-es.jpg"},{"@type":"WebSite","@id":"https:\/\/freshsites.afterschool.media\/firebaugh-ms\/#website","url":"https:\/\/freshsites.afterschool.media\/firebaugh-ms\/","name":"Firebaugh Middle School","description":"Go Falcons!","publisher":{"@id":"https:\/\/freshsites.afterschool.media\/firebaugh-ms\/#organization"},"potentialAction":[{"@type":"SearchAction","target":{"@type":"EntryPoint","urlTemplate":"https:\/\/freshsites.afterschool.media\/firebaugh-ms\/?s={search_term_string}"},"query-input":{"@type":"PropertyValueSpecification","valueRequired":true,"valueName":"search_term_string"}}],"inLanguage":"en-US"},{"@type":"Organization","@id":"https:\/\/freshsites.afterschool.media\/firebaugh-ms\/#organization","name":"Firebaugh Middle School","url":"https:\/\/freshsites.afterschool.media\/firebaugh-ms\/","logo":{"@type":"ImageObject","inLanguage":"en-US","@id":"https:\/\/freshsites.afterschool.media\/firebaugh-ms\/#\/schema\/logo\/image\/","url":"https:\/\/freshsites.afterschool.media\/firebaugh-ms\/wp-content\/uploads\/sites\/86\/2020\/09\/firebaughs-ms.png","contentUrl":"https:\/\/freshsites.afterschool.media\/firebaugh-ms\/wp-content\/uploads\/sites\/86\/2020\/09\/firebaughs-ms.png","width":75,"height":75,"caption":"Firebaugh Middle School"},"image":{"@id":"https:\/\/freshsites.afterschool.media\/firebaugh-ms\/#\/schema\/logo\/image\/"}}]}},"_links":{"self":[{"href":"https:\/\/freshsites.afterschool.media\/firebaugh-ms\/wp-json\/wp\/v2\/pages\/511","targetHints":{"allow":["GET"]}}],"collection":[{"href":"https:\/\/freshsites.afterschool.media\/firebaugh-ms\/wp-json\/wp\/v2\/pages"}],"about":[{"href":"https:\/\/freshsites.afterschool.media\/firebaugh-ms\/wp-json\/wp\/v2\/types\/page"}],"author":[{"embeddable":true,"href":"https:\/\/freshsites.afterschool.media\/firebaugh-ms\/wp-json\/wp\/v2\/users\/2"}],"replies":[{"embeddable":true,"href":"https:\/\/freshsites.afterschool.media\/firebaugh-ms\/wp-json\/wp\/v2\/comments?post=511"}],"version-history":[{"count":73,"href":"https:\/\/freshsites.afterschool.media\/firebaugh-ms\/wp-json\/wp\/v2\/pages\/511\/revisions"}],"predecessor-version":[{"id":1787,"href":"https:\/\/freshsites.afterschool.media\/firebaugh-ms\/wp-json\/wp\/v2\/pages\/511\/revisions\/1787"}],"wp:attachment":[{"href":"https:\/\/freshsites.afterschool.media\/firebaugh-ms\/wp-json\/wp\/v2\/media?parent=511"}],"curies":[{"name":"wp","href":"https:\/\/api.w.org\/{rel}","templated":true}]}}